{"id":2531,"date":"2018-12-17T12:07:39","date_gmt":"2018-12-17T12:07:39","guid":{"rendered":"https:\/\/www.mosteirodeoia.com\/politica-privacidad\/"},"modified":"2025-09-24T08:32:25","modified_gmt":"2025-09-24T06:32:25","slug":"politica-de-privacidade","status":"publish","type":"page","link":"https:\/\/fundacionbretal.com\/gl\/politica-de-privacidade\/","title":{"rendered":"Pol\u00edtica de privacidade"},"content":{"rendered":"\n<div class=\"wp-block-hacce-wrapper\"><div class=\"container\">\n<p><strong>POLITICA DE PRIVACIDADE<\/strong><\/p>\n\n\n\n<p><strong>1. DATOS IDENTIFICATIVOS<\/strong>: En cumprimento do deber de informaci\u00f3n recollido no artigo 10 da Lei 34\/2002, do 11 de xullo, de Servizos da Sociedade da Informaci\u00f3n e do Comercio electr\u00f3nico, a continuaci\u00f3n refl\u00edctense os seguintes datos: a empresa titular de  <a href=\"http:\/\/fundacionbretal.com\"><u>fundacionbretal.com<\/u><\/a>&nbsp;\u00e9 <strong>FUNDACI\u00d3N BRETAL<\/strong>con CIF n\u00famero G 16.684.367&nbsp;e domicilio para estes efectos en&nbsp;R\u00faa Pontevedra 4, 3\u00aa Planta, 36.201, Vigo (Pontevedra)&nbsp;con correo electr\u00f3nico de contacto: <a href=\"mailto:info@fundacionbretal.com\"><u>info@fundacionbretal.com<\/u><\/a>&nbsp;<\/p>\n\n\n\n<p><strong>2. USUARIOS:<\/strong> O USUARIO&nbsp;acepta as Condici\u00f3ns Xerais de uso aqu\u00ed reflectidas. As citadas condici\u00f3ns ser\u00e1n de aplicaci\u00f3n independentemente das Condici\u00f3ns Xerais de Contrataci\u00f3n que no seu caso resulten de obrigado cumprimento.O USUARIO ser\u00e1 responsable de achegar informaci\u00f3n veraz e l\u00edcita. O USUARIO comprom\u00e9tese a facer un uso adecuado dos servizos que <strong>FUNDACI\u00d3N BRETAL<\/strong> ofrece, compromet\u00e9ndose a non utilizalos para actividades que poidan ser il\u00edcitas, contrarias \u00e1 orde p\u00fablica, \u00e1 defensa nacional ou \u00e1 sa\u00fade p\u00fablica.<\/p>\n\n\n\n<p>Do mesmo xeito <strong>FUNDACI\u00d3N BRETAL<\/strong> se reserva o dereito para modificar en calquera momento as presentes condici\u00f3ns de uso.&nbsp;<\/p>\n\n\n\n<p><strong>3. PROTECCI\u00d3N DE DATOS DE CAR\u00c1CTER PERSOAL<\/strong><\/p>\n\n\n\n<figure class=\"wp-block-table\"><table><tbody><tr><td colspan=\"2\"><strong>INFORMACI\u00d3N B\u00c1SICA SOBRE PROTECCI\u00d3N DE DATOS<\/strong><\/td><\/tr><tr><td>&nbsp;&nbsp;<strong>Responsable<\/strong><\/td><td><strong>FUNDACI\u00d3N BRETAL<\/strong>&nbsp;<\/td><\/tr><tr><td>&nbsp;<strong>Finalidade<\/strong><\/td><td>Xesti\u00f3n da solicitude<\/td><\/tr><tr><td>&nbsp;<strong>Legitimaci\u00f3n<\/strong><\/td><td>Execuci\u00f3n dun contrato \/ prestaci\u00f3n de servizos<\/td><\/tr><tr><td>&nbsp;<strong>Destinatarios<\/strong><\/td><td>Outras empresas ou filiais do GRUPO KALEIDO&nbsp;&nbsp;<\/td><\/tr><tr><td>&nbsp;<strong>Dereitos<\/strong><\/td><td>Pode exercitar os dereitos de acceso, rectificaci\u00f3n, supresi\u00f3n, limitaci\u00f3n, oposici\u00f3n e portabilidad dos datos achegados, como se indica na informaci\u00f3n adicional.&nbsp;<\/td><\/tr><tr><td>&nbsp;<strong>Informaci\u00f3n Adicional<\/strong><\/td><td>Pode consultar a informaci\u00f3n adicional e detallada sobre Protecci\u00f3n de Datos seguindo a seguinte ligaz\u00f3n &nbsp;&nbsp;<strong>+Info Protecci\u00f3n de Datos&nbsp;<\/strong><\/td><\/tr><\/tbody><\/table><\/figure>\n\n\n\n<p><strong>POLITICA DE PRIVACIDADE (II)<\/strong><\/p>\n\n\n\n<p><strong>+Info Protecci\u00f3n de Datos<\/strong><\/p>\n\n\n\n<figure class=\"wp-block-table\"><table><tbody><tr><td colspan=\"2\"><strong>INFORMACI\u00d3N DETALLADA PROTECCI\u00d3N DE DATOS<\/strong><\/td><\/tr><tr><td>&nbsp;&nbsp;<strong>Responsable<\/strong><\/td><td><strong><em>Quen \u00e9 o Responsable do tratamento dos seus datos?<\/em><\/strong> Identidade:&nbsp;<strong>FUNDACI\u00d3N BRETAL<\/strong> Domicilio Social:&nbsp;R\u00faa Pontevedra 4, 3\u00aa Planta, 36.201, Vigo (Pontevedra).Tel\u00e9fono: (+34) 695 482 786Email:&nbsp;<a href=\"mailto:info@fundacionbretal.com\"><u>info@fundacionbretal.com<\/u><\/a> contacto DPD: <a href=\"mailto:dpo@aysinnova.es\"><u>dpo@aysinnova.es<\/u><\/a>&nbsp;<\/td><\/tr><tr><td>&nbsp;<strong>Finalidade<\/strong><\/td><td><strong><em>Con que finalidade tratamos os seus datos persoais?<\/em><\/strong> En <strong>FUNDACI\u00d3N BRETAL<\/strong> tratamos a informaci\u00f3n que nos facilitan as persoas interesadas co fin de xestionar o envio da informaci\u00f3n ou dos produtos solicitados.&nbsp;Non se realizar\u00e1n tratamentos de datos automatizados co fin de elaborar perf\u00eds.&nbsp;<strong><em>Por canto tempo conservaremos os seus datos?<\/em><\/strong> Os datos persoais facilitados polo usuario conservaranse mentres non se solicite a supresi\u00f3n dos mesmos por parte do interesado.&nbsp;<\/td><\/tr><tr><td>&nbsp;<strong>Lexitimaci\u00f3n<\/strong><\/td><td>&nbsp;A base legal para o tratamento dos seus datos \u00e9 a execuci\u00f3n da s\u00faa solicitude.<\/td><\/tr><tr><td>&nbsp;<strong>Destinatarios<\/strong><\/td><td><strong><em>A que destinatarios comunicaranse os seus datos?<\/em><\/strong> <strong>FUNDACI\u00d3N BRETAL<\/strong> non realiza cesi\u00f3ns de datos a terceiros salvo a outras empresas ou filiais do GRUPO KALEIDO (MARE SOLUCI\u00d3NS LOX\u00cdSTICAS S.L., S.L.; KALEIDO FREIGHT SERVICES, S.L.; KALEIDO LOGISTICS, S.L.; KALEIDO SCM, S.L.; KALEIDO TECHNOLOGY SOLUTIONS, S.L.; RESIDENCIAL MOSTEIRO DE OIA, S.A.; VASCO GALEGA SOCIEDADE DE CARTEIRA, S.L.; MARE INICIATIVAS EMPRESARIAIS, S.L.; FUNDACI\u00d3N BRETAL; GREEN BALL EXTERNAL SERVICES, UNIPESSOAL, LDA e ESTIBADORA GALEGA S.A.U.) para fins administrativos e de xesti\u00f3n interna; e \u00e1s Administraci\u00f3ns p\u00fablicas \u00e1s que se atope obrigado por lei.<\/td><\/tr><tr><td>&nbsp;<strong>Dereitos<\/strong><\/td><td>O usuario poder\u00e1 exercer en todo momento os dereitos de Acceso, Rectificaci\u00f3n, Supresi\u00f3n, Limitaci\u00f3n, Oposici\u00f3n e Portabilidad dos datos achegados,&nbsp; segundo o disposto no Regulamento Xeral (UE) 2016\/679 de Protecci\u00f3n de Datos,&nbsp;e na Lei Org\u00e1nica 3\/2018, do 5 de decembro, de Protecci\u00f3n de Datos Persoais e garant\u00eda dos dereitos dixitais,&nbsp;dirixindo un escrito en que especifique que dereito desexa exercer&nbsp;e anexando copia de documento oficial que o identifique dirixido \u00e1 direcci\u00f3n arriba indicada ou ao correo electr\u00f3nico <a href=\"mailto:info@fundacionbretal.com\"><u>info@fundacionbretal.com<\/u><\/a> As\u00ed mesmo, o interesado pode presentar unha reclamaci\u00f3n #ante a Autoridade de Control.&nbsp;<\/td><\/tr><\/tbody><\/table><\/figure>\n\n\n\n<p>En cumprimento do establecido no Regulamento Xeral (UE) 2016\/679 de Protecci\u00f3n de Datos,&nbsp;e na Lei Org\u00e1nica 3\/2018, do 5 de decembro, de Protecci\u00f3n de Datos Persoais e garant\u00eda dos dereitos dixitais, comunicamos ao usuario que os datos persoais que nos facilite de forma voluntaria , por calquera dos nosos medios de recollida de informaci\u00f3n, van ser incorporados \u00e1s Actividades de Tratamento automatizados de datos de car\u00e1cter persoal titularidade de FUNDACI\u00d3N BRETAL, co fin de poderlle prestar os nosos servizos, as\u00ed como para manterlle informado sobre cuesti\u00f3ns relativas \u00e1 actividade da empresa e os seus servizos. Os campos marcados con \u201c*\u201d son de car\u00e1cter obrigatorio, polo que o non enchemento dos devanditos campos impedir\u00e1 ao USUARIO&nbsp; gozar dalg\u00fans dos Servizos e informaci\u00f3ns ofrecidas. Os datos contidos neles ser\u00e1n tratados de forma confidencial.<\/p>\n\n\n\n<p><strong>FUNDACI\u00d3N BRETAL<\/strong> cumpre integramente coa lexislaci\u00f3n vixente en materia de protecci\u00f3n de datos de car\u00e1cter persoal, e cos compromisos de confidencialidade propios da s\u00faa actividade.<\/p>\n\n\n\n<p><strong>FUNDACI\u00d3N BRETAL<\/strong> ha adoptado as medidas t\u00e9cnicas necesarias para manter o nivel de seguridade requirido, segundo a natureza dos datos persoais tratados e as circunstancias do tratamento, co obxecto de evitar, na medida do posible e sempre segundo o estado da t\u00e9cnica, a s\u00faa alteraci\u00f3n, perda, tratamento ou acceso non autorizado. Para a realizaci\u00f3n da xesti\u00f3n antes mencionada pode ser necesario que se cedan os datos a encargados do tratamento, empresas colaboradoras e administraci\u00f3ns p\u00fablicas (as cales poden verificar a veracidade dos datos).<\/p>\n\n\n\n<p>No caso de que o USUARIO facilite datos de car\u00e1cter persoal, referentes a persoas f\u00edsicas distintas a si mesmo, o USUARIO deber\u00e1, con car\u00e1cter previo \u00e1 inclusi\u00f3n, informarlles do contido da presente clausula, #de acordo con o establecido no Regulamento Xeral (UE) 2016\/679 de Protecci\u00f3n de Datos,&nbsp;e na Lei Org\u00e1nica 3\/2018, do 5 de decembro, de Protecci\u00f3n de Datos Persoais e garant\u00eda dos dereitos dixitais.<\/p>\n\n\n\n<p><strong>FUNDACI\u00d3N BRETAL <\/strong>como responsable da Actividade de Tratamento, garante o exercicio dos dereitos de acceso, rectificaci\u00f3n, supresi\u00f3n, limitaci\u00f3n, oposici\u00f3n e portabilidad dos datos achegados, segundo o disposto no Regulamento Xeral (UE) 2016\/679 de Protecci\u00f3n de Datos, e na Lei Org\u00e1nica 3\/2018, do 5 de decembro, de Protecci\u00f3n de Datos Persoais e garant\u00eda dos dereitos dixitais, o USUARIO poder\u00e1 exercer en todo momento os dereitos, dirixindo un escrito ao domicilio social, anexando copia do DNI ou Pasaporte.<\/p>\n\n\n\n<p><strong>FUNDACI\u00d3N BRETAL<\/strong> garante que todas as comunicaci\u00f3ns comerciais que dirixe aos seus clientes cumpren a normativa vixente.<\/p>\n\n\n\n<p>Por iso, en cumprimento da Lei 34\/2002 de Servizos da Sociedade da Informaci\u00f3n e de Comercio Electr\u00f3nico e a Lei 11\/2022 Xeneral de Telecomunicaci\u00f3ns, inf\u00f3rmase o USUARIO que <strong>FUNDACI\u00d3N BRETAL<\/strong> podr\u00e1 enviarlle por medios electr\u00f3nicos informaci\u00f3n acerca de produtos e servizos de interese ao que Vde. presta o seu consentimento<\/p>\n\n\n\n<p>En calquera momento poder\u00e1 revogar esta autorizaci\u00f3n na direcci\u00f3n <a href=\"mailto:info@fundacionbretal.com\"><u>info@fundacionbretal.com<\/u><\/a><\/p>\n<\/div><\/div>\n","protected":false},"excerpt":{"rendered":"","protected":false},"author":1,"featured_media":0,"parent":0,"menu_order":9,"comment_status":"closed","ping_status":"open","template":"","meta":{"_acf_changed":false,"_editorskit_title_hidden":false,"_editorskit_reading_time":0,"_editorskit_is_block_options_detached":false,"_editorskit_block_options_position":"{}","_coblocks_attr":"","_coblocks_dimensions":"","_coblocks_responsive_height":"","_coblocks_accordion_ie_support":"","inline_featured_image":false,"footnotes":""},"class_list":["post-2531","page","type-page","status-publish","hentry"],"acf":[],"yoast_head":"<!-- This site is optimized with the Yoast SEO plugin v25.9 - https:\/\/yoast.com\/wordpress\/plugins\/seo\/ -->\n<title>Pol\u00edtica de privacidade - Fundaci\u00f3n Bretal<\/title>\n<meta name=\"robots\" content=\"index, follow, max-snippet:-1, max-image-preview:large, max-video-preview:-1\" \/>\n<link rel=\"canonical\" href=\"https:\/\/fundacionbretal.com\/gl\/politica-de-privacidade\/\" \/>\n<meta property=\"og:locale\" content=\"gl_ES\" \/>\n<meta property=\"og:type\" content=\"article\" \/>\n<meta property=\"og:title\" content=\"Pol\u00edtica de privacidade - Fundaci\u00f3n Bretal\" \/>\n<meta property=\"og:url\" content=\"https:\/\/fundacionbretal.com\/gl\/politica-de-privacidade\/\" \/>\n<meta property=\"og:site_name\" content=\"Fundaci\u00f3n Bretal\" \/>\n<meta property=\"article:modified_time\" content=\"2025-09-24T06:32:25+00:00\" \/>\n<meta name=\"twitter:card\" content=\"summary_large_image\" \/>\n<meta name=\"twitter:label1\" content=\"Tempo de lectura\" \/>\n\t<meta name=\"twitter:data1\" content=\"6 minutos\" \/>\n<script type=\"application\/ld+json\" class=\"yoast-schema-graph\">{\"@context\":\"https:\/\/schema.org\",\"@graph\":[{\"@type\":\"WebPage\",\"@id\":\"https:\/\/fundacionbretal.com\/gl\/politica-de-privacidade\/\",\"url\":\"https:\/\/fundacionbretal.com\/gl\/politica-de-privacidade\/\",\"name\":\"Pol\u00edtica de privacidade - Fundaci\u00f3n Bretal\",\"isPartOf\":{\"@id\":\"https:\/\/fundacionbretal.com\/#website\"},\"datePublished\":\"2018-12-17T12:07:39+00:00\",\"dateModified\":\"2025-09-24T06:32:25+00:00\",\"breadcrumb\":{\"@id\":\"https:\/\/fundacionbretal.com\/gl\/politica-de-privacidade\/#breadcrumb\"},\"inLanguage\":\"gl-ES\",\"potentialAction\":[{\"@type\":\"ReadAction\",\"target\":[\"https:\/\/fundacionbretal.com\/gl\/politica-de-privacidade\/\"]}]},{\"@type\":\"BreadcrumbList\",\"@id\":\"https:\/\/fundacionbretal.com\/gl\/politica-de-privacidade\/#breadcrumb\",\"itemListElement\":[{\"@type\":\"ListItem\",\"position\":1,\"name\":\"Portada\",\"item\":\"https:\/\/fundacionbretal.com\/gl\/\"},{\"@type\":\"ListItem\",\"position\":2,\"name\":\"Pol\u00edtica de privacidade\"}]},{\"@type\":\"WebSite\",\"@id\":\"https:\/\/fundacionbretal.com\/#website\",\"url\":\"https:\/\/fundacionbretal.com\/\",\"name\":\"Fundaci\u00f3n Bretal\",\"description\":\"\",\"potentialAction\":[{\"@type\":\"SearchAction\",\"target\":{\"@type\":\"EntryPoint\",\"urlTemplate\":\"https:\/\/fundacionbretal.com\/?s={search_term_string}\"},\"query-input\":{\"@type\":\"PropertyValueSpecification\",\"valueRequired\":true,\"valueName\":\"search_term_string\"}}],\"inLanguage\":\"gl-ES\"}]}<\/script>\n<!-- \/ Yoast SEO plugin. -->","yoast_head_json":{"title":"Pol\u00edtica de privacidade - Fundaci\u00f3n Bretal","robots":{"index":"index","follow":"follow","max-snippet":"max-snippet:-1","max-image-preview":"max-image-preview:large","max-video-preview":"max-video-preview:-1"},"canonical":"https:\/\/fundacionbretal.com\/gl\/politica-de-privacidade\/","og_locale":"gl_ES","og_type":"article","og_title":"Pol\u00edtica de privacidade - Fundaci\u00f3n Bretal","og_url":"https:\/\/fundacionbretal.com\/gl\/politica-de-privacidade\/","og_site_name":"Fundaci\u00f3n Bretal","article_modified_time":"2025-09-24T06:32:25+00:00","twitter_card":"summary_large_image","twitter_misc":{"Tempo de lectura":"6 minutos"},"schema":{"@context":"https:\/\/schema.org","@graph":[{"@type":"WebPage","@id":"https:\/\/fundacionbretal.com\/gl\/politica-de-privacidade\/","url":"https:\/\/fundacionbretal.com\/gl\/politica-de-privacidade\/","name":"Pol\u00edtica de privacidade - Fundaci\u00f3n Bretal","isPartOf":{"@id":"https:\/\/fundacionbretal.com\/#website"},"datePublished":"2018-12-17T12:07:39+00:00","dateModified":"2025-09-24T06:32:25+00:00","breadcrumb":{"@id":"https:\/\/fundacionbretal.com\/gl\/politica-de-privacidade\/#breadcrumb"},"inLanguage":"gl-ES","potentialAction":[{"@type":"ReadAction","target":["https:\/\/fundacionbretal.com\/gl\/politica-de-privacidade\/"]}]},{"@type":"BreadcrumbList","@id":"https:\/\/fundacionbretal.com\/gl\/politica-de-privacidade\/#breadcrumb","itemListElement":[{"@type":"ListItem","position":1,"name":"Portada","item":"https:\/\/fundacionbretal.com\/gl\/"},{"@type":"ListItem","position":2,"name":"Pol\u00edtica de privacidade"}]},{"@type":"WebSite","@id":"https:\/\/fundacionbretal.com\/#website","url":"https:\/\/fundacionbretal.com\/","name":"Fundaci\u00f3n Bretal","description":"","potentialAction":[{"@type":"SearchAction","target":{"@type":"EntryPoint","urlTemplate":"https:\/\/fundacionbretal.com\/?s={search_term_string}"},"query-input":{"@type":"PropertyValueSpecification","valueRequired":true,"valueName":"search_term_string"}}],"inLanguage":"gl-ES"}]}},"_links":{"self":[{"href":"https:\/\/fundacionbretal.com\/gl\/wp-json\/wp\/v2\/pages\/2531","targetHints":{"allow":["GET"]}}],"collection":[{"href":"https:\/\/fundacionbretal.com\/gl\/wp-json\/wp\/v2\/pages"}],"about":[{"href":"https:\/\/fundacionbretal.com\/gl\/wp-json\/wp\/v2\/types\/page"}],"author":[{"embeddable":true,"href":"https:\/\/fundacionbretal.com\/gl\/wp-json\/wp\/v2\/users\/1"}],"replies":[{"embeddable":true,"href":"https:\/\/fundacionbretal.com\/gl\/wp-json\/wp\/v2\/comments?post=2531"}],"version-history":[{"count":3,"href":"https:\/\/fundacionbretal.com\/gl\/wp-json\/wp\/v2\/pages\/2531\/revisions"}],"predecessor-version":[{"id":60914,"href":"https:\/\/fundacionbretal.com\/gl\/wp-json\/wp\/v2\/pages\/2531\/revisions\/60914"}],"wp:attachment":[{"href":"https:\/\/fundacionbretal.com\/gl\/wp-json\/wp\/v2\/media?parent=2531"}],"curies":[{"name":"wp","href":"https:\/\/api.w.org\/{rel}","templated":true}]}}