{"id":1647,"date":"2019-01-03T16:11:40","date_gmt":"2019-01-03T16:11:40","guid":{"rendered":"https:\/\/www.mosteirodeoia.com\/politica-de-cookies-y-privacidad\/"},"modified":"2025-09-19T09:17:47","modified_gmt":"2025-09-19T07:17:47","slug":"politica-de-cookies","status":"publish","type":"page","link":"https:\/\/fundacionbretal.com\/gl\/politica-de-cookies\/","title":{"rendered":"Pol\u00edtica de cookies"},"content":{"rendered":"\n<div class=\"wp-block-hacce-wrapper\"><div class=\"container\">\n<p>Pol\u00edtica de cookies<\/p>\n\n\n\n<p>De conformidad con la normativa espa\u00f1ola que regula el uso de cookies en relaci\u00f3n a la prestaci\u00f3n de servicios de la sociedad de la informaci\u00f3n, recogida en el apartado segundo del art\u00edculo 22 de la Ley 34\/2002, de 11 de julio, de servicios de la sociedad de la informaci\u00f3n y de comercio electr\u00f3nico, tras su modificaci\u00f3n por\u00a0 el Real Decreto Ley 13\/2012 del 30 de marzo, le informamos sobre las cookies utilizadas en el sitio web\u00a0\u00a0<a href=\"http:\/\/fundacionbretal.com\"><u>fundacionbretal.com<\/u><\/a>,\u00a0\u00a0y el motivo de su uso. Asimismo, le informamos que de conformidad con la ley (i) el USUARIO da su consentimiento para poder utilizarlas si modifica la configuraci\u00f3n de su navegador deshabilitando las restricciones que impiden la entrada de cookies y (ii) que el referido consentimiento no ser\u00e1 preciso para la instalaci\u00f3n de aquellas cookies que sean estrictamente necesarias para la prestaci\u00f3n de un servicio expresamente solicitado por el USUARIO.<\/p>\n\n\n\n<p>\u00a0<strong>&#8211; \u00bfQUE SON AS COOKIES?<\/strong><\/p>\n\n\n\n<p>As cookies son pequenos arquivos de texto que se instalan no navegador do computador do USUARIO para rexistrar a s\u00faa actividade enviando unha identificaci\u00f3n an\u00f3nima\u00a0 que se almacena no mesmo, coa finalidade de que a navegaci\u00f3n sexa m\u00e1is sinxela, permitindo por exemplo, o acceso aos USUARIOS que se rexistraron previamente, o acceso \u00e1s \u00e1reas, servizos ou promoci\u00f3ns reservados exclusivamente a eles sen ter que rexistrarse en cada visita. P\u00f3dense utilizar tam\u00e9n para medir a audiencia, par\u00e1metros do tr\u00e1fico e navegaci\u00f3n, tempo de sesi\u00f3n, e\/o controlar o progreso e n\u00famero de entradas. As cookies as\u00f3cianse unicamente a un usuario an\u00f3nimo e o seu computador ou dispositivo e non proporcionan referencias que permitan co\u00f1ecer os seus datos persoais.<\/p>\n\n\n\n<p><strong>TIPOS DE COOKIE<\/strong><strong>S<\/strong><\/p>\n\n\n\n<p>1.- Cookies propias: Son aquelas que se env\u00edan ao equipo terminal do usuario desde un equipo ou dominio xestionado polo propio editor e desde o que se presta o servizo Solicitado polo usuario.<\/p>\n\n\n\n<p>2.- Cookies de terceiros: Son aquelas que se env\u00edan ao equipo terminal do usuario desde un equipo ou dominio que non \u00e9 xestionado polo editor, sen\u00f3n por outra entidade que trata os datos obtidos trav\u00e9s das cookies.<\/p>\n\n\n\n<p>3.- Cookies de sesi\u00f3n: Son un tipo de cookies dese\u00f1adas para solicitar e almacenar datos mentres o usuario accede a unha p\u00e1xina web.<\/p>\n\n\n\n<p>4.- Cookies persistentes: Son un tipo de cookies no que os datos seguen almacenados no terminal e poden ser accedidos e tratados durante un per\u00edodo definido polo responsable da cookie, e que pode ir duns minutos a varios anos.<\/p>\n\n\n\n<p>5.-Cookies t\u00e9cnicas: Son aquelas que permiten ao usuario a navegaci\u00f3n a trav\u00e9s dunha p\u00e1xina web e a utilizaci\u00f3n das diferentes opci\u00f3ns ou servizos que nela existan como, por exemplo, controlar o tr\u00e1fico e a comunicaci\u00f3n de datos, identificar a sesi\u00f3n, acceder a partes de acceso restrinxido, lembrar os elementos que integran un pedido, almacenar contidos para a difusi\u00f3n de v\u00eddeos ou son ou compartir contidos a trav\u00e9s de redes sociais.<\/p>\n\n\n\n<p>6.- Cookies de personalizaci\u00f3n: Son aquelas que permiten ao usuario acceder ao servizo con algunhas caracter\u00edsticas de car\u00e1cter xeral predefinidas en funci\u00f3n dunha serie de criterios no terminal do usuario por exemplo ser\u00edan o idioma, o tipo de navegador a trav\u00e9s do cal accede ao servizo etc.<\/p>\n\n\n\n<p>7.- Cookies de an\u00e1lise: Son aquelas que ben tratadas por n\u00f3s ou por terceiros, perm\u00edtennos cuantificar o n\u00famero de usuarios e as\u00ed realizar a medici\u00f3n e an\u00e1lise estat\u00edstico da utilizaci\u00f3n que fan os usuarios do servizo ofertado. Para iso anal\u00edzase a s\u00faa navegaci\u00f3n na nosa p\u00e1xina web co fin de mellorar a oferta de produtos ou servizos que lle ofrecemos.<\/p>\n\n\n\n<p>8.- Cookies publicitarias: Son aquelas que permiten a xesti\u00f3n, da forma m\u00e1is eficaz posible, dos espazos publicitarios que, no seu caso, o editor inclu\u00edse nunha p\u00e1xina web, aplicaci\u00f3n ou plataforma desde a que presta o servizo solicitado en base a criterios como o contido editado ou a frecuencia na que se mostran os anuncios.<\/p>\n\n\n\n<p>9.- Cookies de publicidade comportamental: Son aquelas que permiten a xesti\u00f3n, da forma m\u00e1is eficaz posible, dos espazos publicitarios que, no seu caso, o editor inclu\u00edse nunha p\u00e1xina web, aplicaci\u00f3n ou plataforma desde a que presta o servizo solicitado. Estas cookies almacenan informaci\u00f3n do comportamento dos usuarios obtida a trav\u00e9s da observaci\u00f3n continuada dos seus h\u00e1bitos de navegaci\u00f3n, o que permite desenvolver un perfil espec\u00edfico para mostrar publicidade en funci\u00f3n do mesmo.<\/p>\n\n\n\n<p><strong>&#8211; TIPOS DE COOKIES UTILIZADAS POR ESTE SITIO WEB<\/strong><\/p>\n\n\n\n<p>As cookies utilizadas no noso sitio web, son de sesi\u00f3n e de terceiros, e perm\u00edtennos almacenar e acceder a informaci\u00f3n relativa ao idioma, o tipo de navegador utilizado, e outras caracter\u00edsticas xerais predefinidas polo usuario, as\u00ed como, seguir e analizar a actividade que leva a cabo, co obxecto de introducir melloras e prestar os nosos servizos dunha maneira m\u00e1is eficiente e personalizada\u00a0FUNDACI\u00d3N BRETALno utiliza cookies publicitarias ou de publicidade comportamental.<\/p>\n\n\n\n<p>A utilizaci\u00f3n de as\u00a0cookies\u00a0ofrece vantaxes na prestaci\u00f3n de servizos, debido a que, facilita ao usuario a navegaci\u00f3n e o acceso aos diferentes servizos que ofrece este sitio web; evita ao usuario ter que configurar as caracter\u00edsticas xerais predefinidas cada vez que accede ao sitio web; favorece a mellora do funcionamento e dos servizos prestados a trav\u00e9s deste sitio web, tras a correspondente an\u00e1lise da informaci\u00f3n obtida a trav\u00e9s de as\u00a0cookies\u00a0instaladas.<\/p>\n\n\n\n<figure class=\"wp-block-table\"><table><tbody><tr><td><strong>Cookie<\/strong><\/td><td><strong>Nome<\/strong><\/td><td><strong>Tipo<\/strong><\/td><td><strong>Finalidad<\/strong>e<\/td><td><strong>Duraci\u00f3n<\/strong><\/td><td><strong>M\u00e1is informaci\u00f3n<\/strong><\/td><\/tr><tr><td rowspan=\"3\"><a href=\"http:\/\/fundacionbretal.com\"><u>fundacionbretal.com<\/u><\/a>&nbsp;<\/td><td>_ga<\/td><td rowspan=\"3\">De terceros: Google Analytics<\/td><td>\u00dasase para diferenciar entre usuarios e sesi\u00f3ns. A cookie cr\u00e9ase ao cargar a librer\u00eda javascript e non existe unha versi\u00f3n previa da cookie _ga. A cookie actual\u00edzase cada vez que envia os datos a Google Analytics.<\/td><td>2 anos<\/td><td rowspan=\"3\"><a href=\"https:\/\/developers.google.com\/analytics\/devguides\/collection\/analyticsjs\/cookie-usage?hl=es-419\"><u>https:\/\/developers.google.com\/analytics\/devguides\/collection\/analyticsjs\/cookie-usage?hl=es-419<\/u><\/a><\/td><\/tr><tr><td>_gat<\/td><td>\u00dasase para diferenciar entre os diferentes obxectos de seguimento creados na sesi\u00f3n. A cookie cr\u00e9ase ao cargar a librer\u00eda javascript e non existe unha versi\u00f3n previa da cookie _gat. A cookie actual\u00edzase cada vez que envia os datos a Google Analytics.<\/td><td>1 minuto<\/td><\/tr><tr><td>_gid<\/td><td>\u00dasase para distinguir aos usuarios<\/td><td>1 d\u00eda<\/td><\/tr><tr><td>&nbsp;<\/td><td>CookieLawInfoConsent<\/td><td rowspan=\"5\">T\u00e9cnica<\/td><td>Almacena o estado de consentimento de cookies do usuario<\/td><td>1 a\u00f1o<\/td><td rowspan=\"5\">&nbsp;<\/td><\/tr><tr><td>&nbsp;<\/td><td>_wcml_booking_currency<\/td><td>Util\u00edzase para a selecci\u00f3n de moeda do usuario<\/td><td>1 d\u00eda<\/td><\/tr><tr><td>&nbsp;<\/td><td>cookielawinfo-checkbox-necessary<\/td><td>Establecida polo Plugin GDPR Cookie Consent. Empr\u00e9gase para lembrar o consentimento do usuario das cookies categorizadas como &#8220;Necesarias&#8221;.<\/td><td>1 hora<\/td><\/tr><tr><td>&nbsp;<\/td><td>viewed_cookie_policy<\/td><td>Cookies de uso interno necesaria para o funcionamento da visualizaci\u00f3n da pol\u00edtica de cookies da web.<\/td><td>1 ano<\/td><\/tr><tr><td>&nbsp;<\/td><td>&nbsp;<\/td><td>&nbsp;<\/td><td>&nbsp;<\/td><\/tr><\/tbody><\/table><\/figure>\n\n\n\n<p>NOTA: Nalgunha p\u00e1xina deste sitio web m\u00f3strase contido embebido ou invocado a trav\u00e9s do cal se poden estar a instalar cookies de terceiros. A\u00ednda que a p\u00e1xina \u00e9 revisada cada certo tempo pode ser que a listaxe de cookies non estea actualizado. Se desexa facer algunha pregunta sobre as cookies que se instalan a trav\u00e9s deste sitio web, contacte connosco.<\/p>\n\n\n\n<p><a>DESHABILITACI\u00d3N DAS COOKIES<\/a><\/p>\n\n\n\n<p>Como usuario en todo momento poder\u00e1 acceder \u00e1 configuraci\u00f3n do seu navegador&nbsp;aceptando ou rexeitando todas as cookies, ou ben seleccionar aquelas cuxa instalaci\u00f3n admite e cales non, seguindo un dos seguintes procedementos, que depende do navegador que utilice:<\/p>\n\n\n\n<p>Dado que cada navegador utiliza unha maneira diferente, a funci\u00f3n axuda do seu navegador indicaralle como facelo.<\/p>\n\n\n\n<p><strong><br>\u00a0\u2022<\/strong>InternetExplorer<strong>:<\/strong><a href=\"#ie='ie-10'\"><u><strong>windows.microsoft.com\/es-xl\/internet-explorer\/delete-manage-cookies#ie=&#8221;ie-10&#8243;<\/strong><\/u><\/a><strong><br>\u00a0\u2022<\/strong>FireFox<strong>:<\/strong><a href=\"http:\/\/support.mozilla.org\/es\/kb\/Borrar%20cookies\"><u><strong>support.mozilla.org\/es\/kb\/Borrar%20cookies<\/strong><\/u><\/a><strong><br>\u00a0\u2022<\/strong>Chrome<strong>:<\/strong><a href=\"http:\/\/support.google.com\/chrome\/answer\/95647?hl=\"><u><strong>support.google.com\/chrome\/answer\/95647?hl=&#8221;es&#8221;<\/strong><\/u><\/a><strong><br>\u00a0\u2022<\/strong>Safari<strong>:<\/strong><a href=\"http:\/\/www.apple.com\/es\/privacy\/use-of-cookies\/\"><u><strong>www.apple.com\/es\/privacy\/use-of-cookies\/<\/strong><\/u><\/a><\/p>\n\n\n\n<p>Todos os navegadores permiten cambiar a configuraci\u00f3n de Cookies. Estes axustes normalmente at\u00f3panse nas &#8216;opci\u00f3ns&#8217; ou &#8216;Preferencias&#8217; do men\u00fa do seu navegador.<\/p>\n\n\n\n<p>A continuaci\u00f3n, ofr\u00e9cese informaci\u00f3n sobre os pasos para acceder ao men\u00fa&nbsp;de configuraci\u00f3n das cookies e, no seu caso,&nbsp;da navegaci\u00f3n privada en cada un dos navegadores&nbsp;principais:<\/p>\n\n\n\n<p>\u00a0<strong>Internet Explorer:<\/strong>\u00a0Ferramentas -> Opci\u00f3ns de Internet -> Privacidade -> Configuraci\u00f3n.<br>\u00a0\u00a0 Para m\u00e1is informaci\u00f3n, pode consultar o\u00a0<a href=\"#top-solutions=windows-7\"><u><strong>soporte de Microsoft<\/strong><\/u><\/a>\u00a0\u00a0ou a axuda do navegador.<br>\u00a0\u00a0<strong>Firefox:<\/strong>\u00a0Ferramentas -> Opci\u00f3ns -> Privacidade -> Historial -> Configuraci\u00f3n Personalizada.<br>\u00a0\u00a0\u00a0Para m\u00e1is informaci\u00f3n, pode consultar o\u00a0<a href=\"http:\/\/support.mozilla.org\/es\/home\"><u><strong>soporte de Mozilla<\/strong><\/u><\/a>\u00a0\u00a0ou a axuda do navegador.<br>\u00a0\u00a0<strong>Chrome:<\/strong>\u00a0Configuraci\u00f3n -> Mostrar opci\u00f3ns avanzadas -> Privacidade -> Configuraci\u00f3n do contido.<br>\u00a0\u00a0 Para m\u00e1is informaci\u00f3n, pode consultar\u00a0o <a href=\"#topic=3227046\"><u><strong>soporte de Google<\/strong><\/u><\/a>\u00a0\u00a0ou a axuda do navegador.<br>\u00a0\u00a0<strong>Safari:<\/strong>Preferencias->Seguridade.<br>\u00a0\u00a0 Para m\u00e1is informaci\u00f3n, pode consultar o\u00a0<a href=\"http:\/\/www.apple.com\/es\/support\/mac-apps\/safari\/\"><u><strong>soporte de Apple<\/strong><\/u><\/a>\u00a0ou a axuda do navegador.<\/p>\n\n\n\n<p>Para calquera consulta pode po\u00f1erse en contacto connosco na seguinte direcci\u00f3n de correo: <a href=\"mailto:info@fundacionbretal.com\"><u>info@fundacionbretal.com<\/u><\/a><\/p>\n<\/div><\/div>\n\n\n\n<div style=\"height:50px\" aria-hidden=\"true\" class=\"wp-block-spacer\"><\/div>\n","protected":false},"excerpt":{"rendered":"","protected":false},"author":1,"featured_media":0,"parent":0,"menu_order":6,"comment_status":"closed","ping_status":"closed","template":"","meta":{"_acf_changed":false,"_editorskit_title_hidden":false,"_editorskit_reading_time":0,"_editorskit_is_block_options_detached":false,"_editorskit_block_options_position":"{}","_coblocks_attr":"","_coblocks_dimensions":"","_coblocks_responsive_height":"","_coblocks_accordion_ie_support":"","inline_featured_image":false,"footnotes":""},"class_list":["post-1647","page","type-page","status-publish","hentry"],"acf":[],"yoast_head":"<!-- This site is optimized with the Yoast SEO plugin v25.9 - https:\/\/yoast.com\/wordpress\/plugins\/seo\/ -->\n<title>Pol\u00edtica de cookies - Fundaci\u00f3n Bretal<\/title>\n<meta name=\"robots\" content=\"index, follow, max-snippet:-1, max-image-preview:large, max-video-preview:-1\" \/>\n<link rel=\"canonical\" href=\"https:\/\/fundacionbretal.com\/gl\/politica-de-cookies\/\" \/>\n<meta property=\"og:locale\" content=\"gl_ES\" \/>\n<meta property=\"og:type\" content=\"article\" \/>\n<meta property=\"og:title\" content=\"Pol\u00edtica de cookies - Fundaci\u00f3n Bretal\" \/>\n<meta property=\"og:url\" content=\"https:\/\/fundacionbretal.com\/gl\/politica-de-cookies\/\" \/>\n<meta property=\"og:site_name\" content=\"Fundaci\u00f3n Bretal\" \/>\n<meta property=\"article:modified_time\" content=\"2025-09-19T07:17:47+00:00\" \/>\n<meta name=\"twitter:card\" content=\"summary_large_image\" \/>\n<meta name=\"twitter:label1\" content=\"Tempo de lectura\" \/>\n\t<meta name=\"twitter:data1\" content=\"7 minutos\" \/>\n<script type=\"application\/ld+json\" class=\"yoast-schema-graph\">{\"@context\":\"https:\/\/schema.org\",\"@graph\":[{\"@type\":\"WebPage\",\"@id\":\"https:\/\/fundacionbretal.com\/gl\/politica-de-cookies\/\",\"url\":\"https:\/\/fundacionbretal.com\/gl\/politica-de-cookies\/\",\"name\":\"Pol\u00edtica de cookies - Fundaci\u00f3n Bretal\",\"isPartOf\":{\"@id\":\"https:\/\/fundacionbretal.com\/#website\"},\"datePublished\":\"2019-01-03T16:11:40+00:00\",\"dateModified\":\"2025-09-19T07:17:47+00:00\",\"breadcrumb\":{\"@id\":\"https:\/\/fundacionbretal.com\/gl\/politica-de-cookies\/#breadcrumb\"},\"inLanguage\":\"gl-ES\",\"potentialAction\":[{\"@type\":\"ReadAction\",\"target\":[\"https:\/\/fundacionbretal.com\/gl\/politica-de-cookies\/\"]}]},{\"@type\":\"BreadcrumbList\",\"@id\":\"https:\/\/fundacionbretal.com\/gl\/politica-de-cookies\/#breadcrumb\",\"itemListElement\":[{\"@type\":\"ListItem\",\"position\":1,\"name\":\"Portada\",\"item\":\"https:\/\/fundacionbretal.com\/gl\/\"},{\"@type\":\"ListItem\",\"position\":2,\"name\":\"Pol\u00edtica de cookies\"}]},{\"@type\":\"WebSite\",\"@id\":\"https:\/\/fundacionbretal.com\/#website\",\"url\":\"https:\/\/fundacionbretal.com\/\",\"name\":\"Fundaci\u00f3n Bretal\",\"description\":\"\",\"potentialAction\":[{\"@type\":\"SearchAction\",\"target\":{\"@type\":\"EntryPoint\",\"urlTemplate\":\"https:\/\/fundacionbretal.com\/?s={search_term_string}\"},\"query-input\":{\"@type\":\"PropertyValueSpecification\",\"valueRequired\":true,\"valueName\":\"search_term_string\"}}],\"inLanguage\":\"gl-ES\"}]}<\/script>\n<!-- \/ Yoast SEO plugin. -->","yoast_head_json":{"title":"Pol\u00edtica de cookies - Fundaci\u00f3n Bretal","robots":{"index":"index","follow":"follow","max-snippet":"max-snippet:-1","max-image-preview":"max-image-preview:large","max-video-preview":"max-video-preview:-1"},"canonical":"https:\/\/fundacionbretal.com\/gl\/politica-de-cookies\/","og_locale":"gl_ES","og_type":"article","og_title":"Pol\u00edtica de cookies - Fundaci\u00f3n Bretal","og_url":"https:\/\/fundacionbretal.com\/gl\/politica-de-cookies\/","og_site_name":"Fundaci\u00f3n Bretal","article_modified_time":"2025-09-19T07:17:47+00:00","twitter_card":"summary_large_image","twitter_misc":{"Tempo de lectura":"7 minutos"},"schema":{"@context":"https:\/\/schema.org","@graph":[{"@type":"WebPage","@id":"https:\/\/fundacionbretal.com\/gl\/politica-de-cookies\/","url":"https:\/\/fundacionbretal.com\/gl\/politica-de-cookies\/","name":"Pol\u00edtica de cookies - Fundaci\u00f3n Bretal","isPartOf":{"@id":"https:\/\/fundacionbretal.com\/#website"},"datePublished":"2019-01-03T16:11:40+00:00","dateModified":"2025-09-19T07:17:47+00:00","breadcrumb":{"@id":"https:\/\/fundacionbretal.com\/gl\/politica-de-cookies\/#breadcrumb"},"inLanguage":"gl-ES","potentialAction":[{"@type":"ReadAction","target":["https:\/\/fundacionbretal.com\/gl\/politica-de-cookies\/"]}]},{"@type":"BreadcrumbList","@id":"https:\/\/fundacionbretal.com\/gl\/politica-de-cookies\/#breadcrumb","itemListElement":[{"@type":"ListItem","position":1,"name":"Portada","item":"https:\/\/fundacionbretal.com\/gl\/"},{"@type":"ListItem","position":2,"name":"Pol\u00edtica de cookies"}]},{"@type":"WebSite","@id":"https:\/\/fundacionbretal.com\/#website","url":"https:\/\/fundacionbretal.com\/","name":"Fundaci\u00f3n Bretal","description":"","potentialAction":[{"@type":"SearchAction","target":{"@type":"EntryPoint","urlTemplate":"https:\/\/fundacionbretal.com\/?s={search_term_string}"},"query-input":{"@type":"PropertyValueSpecification","valueRequired":true,"valueName":"search_term_string"}}],"inLanguage":"gl-ES"}]}},"_links":{"self":[{"href":"https:\/\/fundacionbretal.com\/gl\/wp-json\/wp\/v2\/pages\/1647","targetHints":{"allow":["GET"]}}],"collection":[{"href":"https:\/\/fundacionbretal.com\/gl\/wp-json\/wp\/v2\/pages"}],"about":[{"href":"https:\/\/fundacionbretal.com\/gl\/wp-json\/wp\/v2\/types\/page"}],"author":[{"embeddable":true,"href":"https:\/\/fundacionbretal.com\/gl\/wp-json\/wp\/v2\/users\/1"}],"replies":[{"embeddable":true,"href":"https:\/\/fundacionbretal.com\/gl\/wp-json\/wp\/v2\/comments?post=1647"}],"version-history":[{"count":1,"href":"https:\/\/fundacionbretal.com\/gl\/wp-json\/wp\/v2\/pages\/1647\/revisions"}],"predecessor-version":[{"id":60880,"href":"https:\/\/fundacionbretal.com\/gl\/wp-json\/wp\/v2\/pages\/1647\/revisions\/60880"}],"wp:attachment":[{"href":"https:\/\/fundacionbretal.com\/gl\/wp-json\/wp\/v2\/media?parent=1647"}],"curies":[{"name":"wp","href":"https:\/\/api.w.org\/{rel}","templated":true}]}}